{"id":4771,"date":"2022-02-10T13:31:09","date_gmt":"2022-02-10T12:31:09","guid":{"rendered":"https:\/\/grillhouse.pl\/restaurant-regulations\/"},"modified":"2024-12-04T16:40:38","modified_gmt":"2024-12-04T15:40:38","slug":"restaurantordnung","status":"publish","type":"page","link":"http:\/\/grillhouse.pl\/de\/restaurantordnung\/","title":{"rendered":"Restaurantordnung"},"content":{"rendered":"\n<div style=\"height:100px\" aria-hidden=\"true\" class=\"wp-block-spacer\"><\/div>\n\n\n\n<p>1. Jeder Gast wird mit dem gebotenen Respekt behandelt.<\/p>\n\n\n\n<p>2. Die Gew\u00e4hrung von Erm\u00e4\u00dfigungen erfolgt gegen Vorlage des Erm\u00e4\u00dfigungsausweises.<\/p>\n\n\n\n<p>3. Auf Getr\u00e4nke und Alkohol sind keine Rabatte g\u00fcltig.<\/p>\n\n\n\n<p>4. Das Restaurant \u00fcbernimmt keine Haftung f\u00fcr auf dem Gel\u00e4nde zur\u00fcckgelassene Gegenst\u00e4nde.<\/p>\n\n\n\n<p>5. Sofern vom Manager\/Eigent\u00fcmer nichts anderes bestimmt wird, d\u00fcrfen nur im Restaurant erworbene Speisen und Getr\u00e4nke vor Ort verzehrt werden.<\/p>\n\n\n\n<p>6. Reklamationen bez\u00fcglich Speisen werden ausschlie\u00dflich beim Verzehr in den Lokalit\u00e4ten ber\u00fccksichtigt, nicht nach dem Verzehr.<\/p>\n\n\n\n<p>7. F\u00fcr alle durch Tiere verursachten Sachsch\u00e4den haftet der Eigent\u00fcmer.<\/p>\n\n\n\n<p>8. F\u00fcr von Kindern verursachte Sach- und Gesundheitssch\u00e4den haften die Erziehungsberechtigten.<\/p>\n\n\n\n<p>9. Wir verkaufen keinen Alkohol an Personen unter 18 Jahren oder an alkoholisierte Personen.<\/p>\n\n\n\n<div style=\"height:100px\" aria-hidden=\"true\" class=\"wp-block-spacer\"><\/div>\n","protected":false},"excerpt":{"rendered":"<p>1. Jeder Gast wird mit dem gebotenen Respekt behandelt. 2. Die Gew\u00e4hrung von Erm\u00e4\u00dfigungen erfolgt gegen Vorlage des Erm\u00e4\u00dfigungsausweises. 3. Auf Getr\u00e4nke und Alkohol sind keine Rabatte g\u00fcltig. 4. Das Restaurant \u00fcbernimmt keine Haftung f\u00fcr auf dem Gel\u00e4nde zur\u00fcckgelassene Gegenst\u00e4nde. 5. Sofern vom Manager\/Eigent\u00fcmer nichts anderes bestimmt wird, d\u00fcrfen nur im Restaurant erworbene Speisen und [&hellip;]<\/p>\n","protected":false},"author":3,"featured_media":0,"parent":0,"menu_order":0,"comment_status":"closed","ping_status":"closed","template":"","meta":{"footnotes":""},"yoast_head":"<!-- This site is optimized with the Yoast SEO plugin v22.0 - https:\/\/yoast.com\/wordpress\/plugins\/seo\/ -->\n<title>Restaurantordnung - Restauracja Ko\u0142obrzeg<\/title>\n<meta name=\"robots\" content=\"index, follow, max-snippet:-1, max-image-preview:large, max-video-preview:-1\" \/>\n<link rel=\"canonical\" href=\"https:\/\/grillhouse.pl\/de\/restaurantordnung\/\" \/>\n<meta property=\"og:locale\" content=\"de_DE\" \/>\n<meta property=\"og:type\" content=\"article\" \/>\n<meta property=\"og:title\" content=\"Restaurantordnung - Restauracja Ko\u0142obrzeg\" \/>\n<meta property=\"og:description\" content=\"1. Jeder Gast wird mit dem gebotenen Respekt behandelt. 2. Die Gew\u00e4hrung von Erm\u00e4\u00dfigungen erfolgt gegen Vorlage des Erm\u00e4\u00dfigungsausweises. 3. Auf Getr\u00e4nke und Alkohol sind keine Rabatte g\u00fcltig. 4. Das Restaurant \u00fcbernimmt keine Haftung f\u00fcr auf dem Gel\u00e4nde zur\u00fcckgelassene Gegenst\u00e4nde. 5. Sofern vom Manager\/Eigent\u00fcmer nichts anderes bestimmt wird, d\u00fcrfen nur im Restaurant erworbene Speisen und [&hellip;]\" \/>\n<meta property=\"og:url\" content=\"https:\/\/grillhouse.pl\/de\/restaurantordnung\/\" \/>\n<meta property=\"og:site_name\" content=\"Restauracja Ko\u0142obrzeg\" \/>\n<meta property=\"article:publisher\" content=\"https:\/\/www.facebook.com\/Wich%c5%82acz-Grill-House-122706811115630\/\" \/>\n<meta property=\"article:modified_time\" content=\"2024-12-04T15:40:38+00:00\" \/>\n<meta name=\"twitter:card\" content=\"summary_large_image\" \/>\n<meta name=\"twitter:label1\" content=\"Gesch\u00e4tzte Lesezeit\" \/>\n\t<meta name=\"twitter:data1\" content=\"1\u00a0Minute\" \/>\n<script type=\"application\/ld+json\" class=\"yoast-schema-graph\">{\"@context\":\"https:\/\/schema.org\",\"@graph\":[{\"@type\":\"WebPage\",\"@id\":\"https:\/\/grillhouse.pl\/de\/restaurantordnung\/\",\"url\":\"https:\/\/grillhouse.pl\/de\/restaurantordnung\/\",\"name\":\"Restaurantordnung - Restauracja Ko\u0142obrzeg\",\"isPartOf\":{\"@id\":\"http:\/\/grillhouse.pl\/#website\"},\"datePublished\":\"2022-02-10T12:31:09+00:00\",\"dateModified\":\"2024-12-04T15:40:38+00:00\",\"breadcrumb\":{\"@id\":\"https:\/\/grillhouse.pl\/de\/restaurantordnung\/#breadcrumb\"},\"inLanguage\":\"de\",\"potentialAction\":[{\"@type\":\"ReadAction\",\"target\":[\"https:\/\/grillhouse.pl\/de\/restaurantordnung\/\"]}]},{\"@type\":\"BreadcrumbList\",\"@id\":\"https:\/\/grillhouse.pl\/de\/restaurantordnung\/#breadcrumb\",\"itemListElement\":[{\"@type\":\"ListItem\",\"position\":1,\"name\":\"Strona g\u0142\u00f3wna\",\"item\":\"http:\/\/grillhouse.pl\/de\/\"},{\"@type\":\"ListItem\",\"position\":2,\"name\":\"Restaurantordnung\"}]},{\"@type\":\"WebSite\",\"@id\":\"http:\/\/grillhouse.pl\/#website\",\"url\":\"http:\/\/grillhouse.pl\/\",\"name\":\"Restauracja Ko\u0142obrzeg\",\"description\":\"\",\"publisher\":{\"@id\":\"http:\/\/grillhouse.pl\/#organization\"},\"potentialAction\":[{\"@type\":\"SearchAction\",\"target\":{\"@type\":\"EntryPoint\",\"urlTemplate\":\"http:\/\/grillhouse.pl\/?s={search_term_string}\"},\"query-input\":\"required name=search_term_string\"}],\"inLanguage\":\"de\"},{\"@type\":\"Organization\",\"@id\":\"http:\/\/grillhouse.pl\/#organization\",\"name\":\"Wich\u0142acz GrillHouse\",\"url\":\"http:\/\/grillhouse.pl\/\",\"logo\":{\"@type\":\"ImageObject\",\"inLanguage\":\"de\",\"@id\":\"http:\/\/grillhouse.pl\/#\/schema\/logo\/image\/\",\"url\":\"http:\/\/grillhouse.pl\/wp-content\/uploads\/2019\/06\/logo_240.png\",\"contentUrl\":\"http:\/\/grillhouse.pl\/wp-content\/uploads\/2019\/06\/logo_240.png\",\"width\":240,\"height\":146,\"caption\":\"Wich\u0142acz GrillHouse\"},\"image\":{\"@id\":\"http:\/\/grillhouse.pl\/#\/schema\/logo\/image\/\"},\"sameAs\":[\"https:\/\/www.facebook.com\/Wich\u0142acz-Grill-House-122706811115630\/\",\"https:\/\/www.instagram.com\/grillhouse\/\"]}]}<\/script>\n<!-- \/ Yoast SEO plugin. -->","yoast_head_json":{"title":"Restaurantordnung - Restauracja Ko\u0142obrzeg","robots":{"index":"index","follow":"follow","max-snippet":"max-snippet:-1","max-image-preview":"max-image-preview:large","max-video-preview":"max-video-preview:-1"},"canonical":"https:\/\/grillhouse.pl\/de\/restaurantordnung\/","og_locale":"de_DE","og_type":"article","og_title":"Restaurantordnung - Restauracja Ko\u0142obrzeg","og_description":"1. Jeder Gast wird mit dem gebotenen Respekt behandelt. 2. Die Gew\u00e4hrung von Erm\u00e4\u00dfigungen erfolgt gegen Vorlage des Erm\u00e4\u00dfigungsausweises. 3. Auf Getr\u00e4nke und Alkohol sind keine Rabatte g\u00fcltig. 4. Das Restaurant \u00fcbernimmt keine Haftung f\u00fcr auf dem Gel\u00e4nde zur\u00fcckgelassene Gegenst\u00e4nde. 5. Sofern vom Manager\/Eigent\u00fcmer nichts anderes bestimmt wird, d\u00fcrfen nur im Restaurant erworbene Speisen und [&hellip;]","og_url":"https:\/\/grillhouse.pl\/de\/restaurantordnung\/","og_site_name":"Restauracja Ko\u0142obrzeg","article_publisher":"https:\/\/www.facebook.com\/Wich%c5%82acz-Grill-House-122706811115630\/","article_modified_time":"2024-12-04T15:40:38+00:00","twitter_card":"summary_large_image","twitter_misc":{"Gesch\u00e4tzte Lesezeit":"1\u00a0Minute"},"schema":{"@context":"https:\/\/schema.org","@graph":[{"@type":"WebPage","@id":"https:\/\/grillhouse.pl\/de\/restaurantordnung\/","url":"https:\/\/grillhouse.pl\/de\/restaurantordnung\/","name":"Restaurantordnung - Restauracja Ko\u0142obrzeg","isPartOf":{"@id":"http:\/\/grillhouse.pl\/#website"},"datePublished":"2022-02-10T12:31:09+00:00","dateModified":"2024-12-04T15:40:38+00:00","breadcrumb":{"@id":"https:\/\/grillhouse.pl\/de\/restaurantordnung\/#breadcrumb"},"inLanguage":"de","potentialAction":[{"@type":"ReadAction","target":["https:\/\/grillhouse.pl\/de\/restaurantordnung\/"]}]},{"@type":"BreadcrumbList","@id":"https:\/\/grillhouse.pl\/de\/restaurantordnung\/#breadcrumb","itemListElement":[{"@type":"ListItem","position":1,"name":"Strona g\u0142\u00f3wna","item":"http:\/\/grillhouse.pl\/de\/"},{"@type":"ListItem","position":2,"name":"Restaurantordnung"}]},{"@type":"WebSite","@id":"http:\/\/grillhouse.pl\/#website","url":"http:\/\/grillhouse.pl\/","name":"Restauracja Ko\u0142obrzeg","description":"","publisher":{"@id":"http:\/\/grillhouse.pl\/#organization"},"potentialAction":[{"@type":"SearchAction","target":{"@type":"EntryPoint","urlTemplate":"http:\/\/grillhouse.pl\/?s={search_term_string}"},"query-input":"required name=search_term_string"}],"inLanguage":"de"},{"@type":"Organization","@id":"http:\/\/grillhouse.pl\/#organization","name":"Wich\u0142acz GrillHouse","url":"http:\/\/grillhouse.pl\/","logo":{"@type":"ImageObject","inLanguage":"de","@id":"http:\/\/grillhouse.pl\/#\/schema\/logo\/image\/","url":"http:\/\/grillhouse.pl\/wp-content\/uploads\/2019\/06\/logo_240.png","contentUrl":"http:\/\/grillhouse.pl\/wp-content\/uploads\/2019\/06\/logo_240.png","width":240,"height":146,"caption":"Wich\u0142acz GrillHouse"},"image":{"@id":"http:\/\/grillhouse.pl\/#\/schema\/logo\/image\/"},"sameAs":["https:\/\/www.facebook.com\/Wich\u0142acz-Grill-House-122706811115630\/","https:\/\/www.instagram.com\/grillhouse\/"]}]}},"_links":{"self":[{"href":"http:\/\/grillhouse.pl\/de\/wp-json\/wp\/v2\/pages\/4771"}],"collection":[{"href":"http:\/\/grillhouse.pl\/de\/wp-json\/wp\/v2\/pages"}],"about":[{"href":"http:\/\/grillhouse.pl\/de\/wp-json\/wp\/v2\/types\/page"}],"author":[{"embeddable":true,"href":"http:\/\/grillhouse.pl\/de\/wp-json\/wp\/v2\/users\/3"}],"replies":[{"embeddable":true,"href":"http:\/\/grillhouse.pl\/de\/wp-json\/wp\/v2\/comments?post=4771"}],"version-history":[{"count":3,"href":"http:\/\/grillhouse.pl\/de\/wp-json\/wp\/v2\/pages\/4771\/revisions"}],"predecessor-version":[{"id":4775,"href":"http:\/\/grillhouse.pl\/de\/wp-json\/wp\/v2\/pages\/4771\/revisions\/4775"}],"wp:attachment":[{"href":"http:\/\/grillhouse.pl\/de\/wp-json\/wp\/v2\/media?parent=4771"}],"curies":[{"name":"wp","href":"https:\/\/api.w.org\/{rel}","templated":true}]}}